{"id":20,"date":"2016-04-19T14:00:19","date_gmt":"2016-04-19T18:00:19","guid":{"rendered":"http:\/\/frivolesque.com\/fr\/?page_id=20"},"modified":"2016-06-07T15:29:26","modified_gmt":"2016-06-07T19:29:26","slug":"faq","status":"publish","type":"page","link":"https:\/\/frivolesque.com\/fr\/faq\/","title":{"rendered":"FAQ"},"content":{"rendered":"<p><!--raw--><\/p>\n<div class=\"faq\">\n<p><span class=\"Q\">Q<\/span> : Frivolesque? \u00c7a veut dire quoi?<\/p>\n<p><span class=\"A\">R<\/span> : Bah, c&rsquo;est Frivole, mais, genre, juste un peu. Frivole-esque. Honn\u00eatement, je cherchais un mot qui existait pas et qui n&rsquo;\u00e9tait pas prit nulle part comme adresse de site web, qui sonnerait bien en anglais et en fran\u00e7ais et qui donnait un sentiment de l\u00e9g\u00e8ret\u00e9. Fa que j&rsquo;ai sorti \u00e7a de nulle part.<\/p>\n<\/div>\n<div class=\"faq\">\n<p><span class=\"Q\">Q<\/span> : Est-ce que tes personnages sont inspir\u00e9s de gens dans la vraie vie?<\/p>\n<p><span class=\"A\">R<\/span> : Pas vraiment, non, surtout dans les personnages principaux. Mais c&rsquo;est vrai que j&rsquo;ai plein d&rsquo;amis color\u00e9s dans la vraie vie qui ont plein d&rsquo;histoires \u00e0 raconter, alors c&rsquo;est certain que je m&rsquo;en inspire all\u00e9grement pour cr\u00e9er la personnalit\u00e9 et le look de mes personnages. Je ne pourrais pas dire que quelqu&rsquo;un est sp\u00e9cifiquement bas\u00e9 sur une vraie personne par contre, sauf quelques clins d&rsquo;oeils rapides une fois de temps en temps.<\/p>\n<\/div>\n<div class=\"faq\">\n<p><span class=\"Q\">Q<\/span> : Quel personnage est ton pr\u00e9f\u00e9r\u00e9?<\/p>\n<p><span class=\"A\">R<\/span> : Ah, la question qui tue. Je ne sais pas, je les aime tous \u00e9galement, vu que c&rsquo;est moi qui les as invent\u00e9s. Si j&rsquo;avais VRAIMENT \u00e0 choisir une pr\u00e9f\u00e9r\u00e9e dans le tas par contre, je choisirais Chlo\u00e9, juste parce qu&rsquo;elle a toujours une place sp\u00e9ciale dans mon coeur, bien longtemps avant que Frivolesque existe.<\/p>\n<\/div>\n<div class=\"faq\">\n<p><span class=\"Q\">Q<\/span> : Les personnages ont quel \u00e2ge? Ce n&rsquo;est pas indiqu\u00e9 dans leurs profils&#8230;<\/p>\n<p><span class=\"A\">R<\/span>: Ouais, je ne sais pas vraiment, et je pr\u00e8f\u00e8re garder \u00e7a vague pour que vous leur puissiez bien leur donner l&rsquo;\u00e2ge que vous voulez. Gaia est probablement plus jeune qu&rsquo;elle en a l&rsquo;air. Liliane a environ 30 ans. Conroy est autour de 40. Mimi a 9 ans&#8230; Flore&#8230; je ne peux pas le dire. Les autres filles sont quelque part dans la vingtaine.<\/p>\n<\/div>\n<div class=\"faq\">\n<p><span class=\"Q\">Q<\/span> : Une seule BD par semaine, ce n&rsquo;est pas assez! Tu devrais en faire plus!<\/p>\n<p><span class=\"A\">R<\/span> : Je sais, mais j&rsquo;ai pas le temps. Frivolesque, c&rsquo;est pas Penny-Arcade. Je suis juste un pauvre type avec un emploi temps plein et tr\u00e8s peu de temps libres. J&rsquo;esp\u00e8re pouvoir travailler plus vite un jour et passer \u00e0 deux BD par semaine, mais pour le moment, une mise \u00e0 jour hebdomadaire est tout ce que je peux envisager.<\/p>\n<\/div>\n<div class=\"faq\">\n<p><span class=\"Q\">Q<\/span> : Est-ce qu&rsquo;il y a une version anglaise de Frivolesque quelque part?<\/p>\n<p><span class=\"A\">R<\/span> : Mais oui! Elle est l\u00e0 depuis le d\u00e9but! <a href=\"http:\/\/frivolesque.com\">http:\/\/frivolesque.com<\/a><\/p>\n<\/div>\n<div class=\"faq\">\n<p><span class=\"Q\">Q<\/span> : Vu que tu es un homme, pourquoi est-ce que tu dessine des personnages f\u00e9minins?<\/p>\n<p><span class=\"A\">R<\/span> : On me pose toujours cette maudite question l\u00e0, je comprends pas pourquoi. Je consid\u00e8re que les femmes sont des \u00eatres humains, et \u00e9tant moi m\u00eame un humain, j&rsquo;aime \u00e9crire des histoire \u00e0 propos de mon esp\u00e8ce, c&rsquo;est pas tellement compliqu\u00e9. Sinon, toutes les autres histoires que les gens \u00e9crivent mettent toujours des hommes dans les r\u00f4les principaux, et c&rsquo;est ennuyant \u00e0 la longue. On consid\u00e8re les hommes comme le sexe \u00ab\u00a0par d\u00e9faut\u00a0\u00bb et \u00e7a n&rsquo;arr\u00eate pas de me d\u00e9ranger. Finalement, j&rsquo;aime les filles. Elles sont jolies et agr\u00e9ables \u00e0 dessiner. En fait, je fais des personnages f\u00e9minins parce qu&rsquo;on me pose encore cette question l\u00e0, question qui ne devrait m\u00eame pas se poser au 21e si\u00e8cle.<\/p>\n<\/div>\n<div class=\"faq\">\n<p><span class=\"Q\">Q<\/span> : Est-ce que Gaia est noire?<\/p>\n<p><span class=\"A\">R<\/span> : Oui, non, pas vraiment. Gaia est une sorte d&rsquo;incarnation du concept japonais du <a href=\"http:\/\/tvtropes.org\/pmwiki\/pmwiki.php\/Main\/Mukokuseki\">Mukokuseki<\/a> (lien en anglais), alors c&rsquo;est un peu difficile de lui attribuer une ethnie ou une race sp\u00e9cifique. Je l&rsquo;imagine plut\u00f4t comme un m\u00e9lange de toutes les races sur terre. Avec des cheveux verts.<\/p>\n<\/div>\n<div class=\"faq\">\n<p><span class=\"Q\">Q<\/span> : Est-ce que Gaia est humaine?<\/p>\n<p><span class=\"A\">R<\/span> : \u00c7a d\u00e9pends de la d\u00e9finition que vous donner \u00e0 \u00ab\u00a0humaine\u00a0\u00bb. R\u00e9ponse courte : Oui et non.<\/p>\n<\/div>\n<div class=\"faq\">\n<p><span class=\"Q\">Q<\/span> : J&rsquo;adore Phil\u00e9mon! Est-ce qu&rsquo;il va devenir plus important dans l&rsquo;histoire?<\/p>\n<p><span class=\"A\">R<\/span> : Je ne planifie pas donner trop d&rsquo;importance aux animaux dans Frivolesque. (Je ne suis pas tellement amateur d&rsquo;animaux moi-m\u00eame) mais j&rsquo;ai quand m\u00eame une petite histoire de pr\u00e9vue pour le chat de Flore. La grande question, par contre, c&rsquo;est de savoir quand je vais avoir le temps de faire quelque chose avec \u00e7a.<\/p>\n<\/div>\n<div class=\"faq\">\n<p><span class=\"Q\">Q<\/span> : Est-ce que Marie-Neige a vraiment viol\u00e9 Cl\u00e9mentine dans leurs premi\u00e8res BD ensemble?<\/p>\n<p><span class=\"A\">R<\/span> : Non! C&rsquo;est un sujet vraiment s\u00e9rieux, et je me sens mal que cette BD l\u00e0 ait donn\u00e9 cette impression a certains lecteurs. Marie a essay\u00e9 d&#8217;embarquer Cl\u00e9mentine dans ses petits jeux BDSM et cette derni\u00e8re n&rsquo;a pas essay\u00e9 de s&rsquo;y opposer, \u00e9tant curieuse et apeur\u00e9e en m\u00eame temps. Marie-Neige l&rsquo;a laiss\u00e9 partir par contre, quand elle \u00e0 r\u00e9alis\u00e9 qu&rsquo;elle n&rsquo;\u00e9tait pas \u00e0 l&rsquo;aise avec tout \u00e7a. Je vous promets de ne pas \u00eatre aussi ambigu la prochaine fois. J&rsquo;apprends encore a raconter des choses. Oh, et Marie-Neige, malgr\u00e9 tous ses fantasmes, n&rsquo;a fort probablement jamais rien fait de la sorte avec personne.<\/p>\n<\/div>\n<div class=\"faq\">\n<p><span class=\"Q\">Q<\/span> : Est-ce que tu peux m&rsquo;expliquer le but de Laurence et de ses amis animaux?<\/p>\n<p><span class=\"A\">R<\/span> : &#8230; Euh, je commence \u00e0 avoir faim. Je vais revenir plus tard.<\/p>\n<\/div>\n","protected":false},"excerpt":{"rendered":"<p>Q : Frivolesque? \u00c7a veut dire quoi? R : Bah, c&rsquo;est Frivole, mais, genre, juste un peu. Frivole-esque. Honn\u00eatement, je cherchais un mot qui existait pas et qui n&rsquo;\u00e9tait pas prit nulle part comme adresse de site web, qui sonnerait[&hellip;]<a class=\"more-link\" href=\"https:\/\/frivolesque.com\/fr\/faq\/\">&darr; Read the rest of this entry&#8230;<\/a><\/p>\n","protected":false},"author":2,"featured_media":0,"parent":0,"menu_order":0,"comment_status":"closed","ping_status":"closed","template":"","meta":{"jetpack_post_was_ever_published":false,"footnotes":""},"class_list":["post-20","page","type-page","status-publish","hentry","uentry","postonpage-1","odd","post-author-omegadez"],"jetpack_sharing_enabled":true,"jetpack_shortlink":"https:\/\/wp.me\/P7sxr7-k","_links":{"self":[{"href":"https:\/\/frivolesque.com\/fr\/wp-json\/wp\/v2\/pages\/20","targetHints":{"allow":["GET"]}}],"collection":[{"href":"https:\/\/frivolesque.com\/fr\/wp-json\/wp\/v2\/pages"}],"about":[{"href":"https:\/\/frivolesque.com\/fr\/wp-json\/wp\/v2\/types\/page"}],"author":[{"embeddable":true,"href":"https:\/\/frivolesque.com\/fr\/wp-json\/wp\/v2\/users\/2"}],"replies":[{"embeddable":true,"href":"https:\/\/frivolesque.com\/fr\/wp-json\/wp\/v2\/comments?post=20"}],"version-history":[{"count":3,"href":"https:\/\/frivolesque.com\/fr\/wp-json\/wp\/v2\/pages\/20\/revisions"}],"predecessor-version":[{"id":811,"href":"https:\/\/frivolesque.com\/fr\/wp-json\/wp\/v2\/pages\/20\/revisions\/811"}],"wp:attachment":[{"href":"https:\/\/frivolesque.com\/fr\/wp-json\/wp\/v2\/media?parent=20"}],"curies":[{"name":"wp","href":"https:\/\/api.w.org\/{rel}","templated":true}]}}