{"id":16,"date":"2016-04-19T13:59:35","date_gmt":"2016-04-19T17:59:35","guid":{"rendered":"http:\/\/frivolesque.com\/fr\/?page_id=16"},"modified":"2017-03-13T11:33:13","modified_gmt":"2017-03-13T15:33:13","slug":"personnages","status":"publish","type":"page","link":"https:\/\/frivolesque.com\/fr\/personnages\/","title":{"rendered":"Personnages"},"content":{"rendered":"<div class=\"bio\">\r\n<div class=\"info\">\r\n<img src=\"\/wp-content\/themes\/comicpress\/images\/characters\/namechloe.png\" alt=\"namechloe\" width=\"416\" height=\"38\"\/>\r\n\r\n<p class=\"desc\">Une jeune femme ordinaire qui vit une vie ordinaire. Elle travaille dans un magasin de jeux vid\u00e9o le jour et joue \u00e0 ces m\u00eames jeux le soir. Chlo\u00e9 est une rouquine souriante, amicale, et beaucoup trop gentille, et elle aimerait bien avoir de plus grands buts dans la vie.<\/p>\r\n\r\n<p class=\"note\">Chlo\u00e9, tout comme Marie-Neige, a \u00e9t\u00e9 cr\u00e9\u00e9e au printemps 2003. J'avais envie de dessiner une BD yuri \u00e0 l'\u00e9poque, mais \u00e7a n'a jamais vraiment abouti. Elle est ensuite devenue un genre de mascotte pour moi. Elle s'appelait originalement \"Maki\" avant que je d\u00e9cide qu'elle avait besoin d'un \"vrai nom.\"<\/p>\r\n\r\n<a title=\"Afficher toutes les BD o\u00f9 on voit Chlo\u00e9.\" href=\"http:\/\/frivolesque.com\/fr\/character\/chloe\">Afficher toutes les BD o\u00f9 on voit Chlo\u00e9.<\/a>\r\n<\/div>\r\n\r\n<div class=\"photo\"><img alt=\"facechloe\" src=\"\/wp-content\/themes\/comicpress\/images\/characters\/facechloe.png\" width=\"200\" height=\"250\" \/><\/div>\r\n\r\n<\/div>\r\n\r\n<div class=\"bio\">\r\n<div class=\"info\">\r\n<img src=\"\/wp-content\/themes\/comicpress\/images\/characters\/nameflore.png\" alt=\"namechloe\" width=\"416\" height=\"38\"\/>\r\n\r\n<p class=\"desc\">\r\nUne femme taciturne \u00e0 l'\u00e2ge incertain qui vit seule avec son chat Phil\u00e9mon dans un grand studio. Flore a toujours la t\u00eate dans les nuages, son imagination fertile transgressant souvent la fronti\u00e8re entre la r\u00e9alit\u00e9 et la fiction. Elle aimerait avoir plus d'amis, mais trouve \u00e7a tr\u00e8s difficile de connecter avec les autres.<\/p>\r\n\r\n<p class=\"note\">J'ai cr\u00e9\u00e9 Flore durant l'automne 2012 lorsque j'\u00e9tais un peu d\u00e9prim\u00e9 et que j'avais besoin de m'investir dans un projet quelconque histoire de recommencer \u00e0 dessiner. Son design est arriv\u00e9 un peu comme \u00e7a sans que j'y pense vraiment, et m'a assez marqu\u00e9 pour que je d\u00e9cide de faire une BD avec elle.<\/p>\r\n\r\n<a title=\"Afficher toutes les BD o\u00f9 on voit Flore.\" href=\"http:\/\/frivolesque.com\/fr\/character\/flore\">Afficher toutes les BD o\u00f9 on voit Flore.<\/a>\r\n<\/div>\r\n\r\n<div class=\"photo\"><img alt=\"facechloe\" src=\"\/wp-content\/themes\/comicpress\/images\/characters\/faceflore.png\" width=\"200\" height=\"250\" \/><\/div>\r\n\r\n<\/div>\r\n\r\n<div class=\"bio\">\r\n<div class=\"info\">\r\n<img src=\"\/wp-content\/themes\/comicpress\/images\/characters\/namegaia.png\" alt=\"namegaia\" width=\"416\" height=\"38\"\/>\r\n\r\n<p class=\"desc\">Une fille tr\u00e8s physique avec un pass\u00e9 myst\u00e9rieux qui gagne sa vie en tant que boxeuse dans les circuits mineurs. Elle n'a aucune notion de ce qu'est l'espace vital des gens. On dit d'elle qu'elle ne serait pas compl\u00e8tement humaine.<\/p>\r\n\r\n<p class=\"note\">J'ai cr\u00e9\u00e9 Gaia en janvier 1995, ce qui la rends v\u00e9n\u00e9rable compar\u00e9 \u00e0 tous mes autres personnages. Elle avait \u00e9t\u00e9 cr\u00e9\u00e9e comme personnage pour un jeu de r\u00f4le de science fiction au d\u00e9but, inspir\u00e9e des animes et des mangas des ann\u00e9es 80 et 90 que j'adorais particuli\u00e8rement \u00e0 l'\u00e9poque. Je ne sais pas pourquoi, mais elle a r\u00e9ussi \u00e0 traverser les ann\u00e9es malgr\u00e9 ses origines totalement ridicules.<\/p>\r\n\r\n<a title=\"Afficher toutes les BD o\u00f9 on voit Gaia.\" href=\"http:\/\/frivolesque.com\/fr\/character\/gaia\">Afficher toutes les BD o\u00f9 on voit Gaia.<\/a>\r\n<\/div>\r\n\r\n<div class=\"photo\"><img alt=\"facegaia\" src=\"\/wp-content\/themes\/comicpress\/images\/characters\/facegaia.png\" width=\"200\" height=\"250\" \/><\/div>\r\n\r\n<\/div>\r\n\r\n<div class=\"bio\">\r\n<div class=\"info\">\r\n<img src=\"\/wp-content\/themes\/comicpress\/images\/characters\/namemarie.png\" alt=\"namemarie\" width=\"416\" height=\"38\" \/>\r\n\r\n<p class=\"desc\">Une \u00e9tudiante positive et insouciante, Marie-Neige est la meilleure amie de Chlo\u00e9. Consid\u00e9r\u00e9e comme \u00e9tant tr\u00e8s belle par tout le monde jusqu'\u00e0 ce que sa personalit\u00e9 obsessive leur fasse peur.\r\n<\/p>\r\n\r\n<p class=\"note\">J'ai cr\u00e9\u00e9 Marie-Neige en m\u00eame temps que Chlo\u00e9 en 2003. Elle s'appelait originalement Yuki, et elle \u00e9tait un personnage important jusqu'a ce que je la fasse disparaitre tranquillement \u00e0 mesure que je trouvais sa copine plus int\u00e9ressante. Marie-Neige avait d'abord \u00e9t\u00e9 envisag\u00e9e en tant que fille douce et pure, mais j'ai r\u00e9alis\u00e9 d'en faire l'oppos\u00e9e totale la rendrait beaucoup plus int\u00e9ressante.<\/p>\r\n\r\n<a title=\"Afficher toutes les BD o\u00f9 on voit Marie-Neige.\" href=\"http:\/\/frivolesque.com\/fr\/character\/marie-neige\">Afficher toutes les BD o\u00f9 on voit Marie-Neige.<\/a>\r\n<\/div>\r\n\r\n<div class=\"photo\"><img alt=\"facemarie\" src=\"\/wp-content\/themes\/comicpress\/images\/characters\/facemarie.png\" width=\"200\" height=\"250\" \/><\/div>\r\n\r\n<\/div>\r\n\r\n<div class=\"bio\">\r\n<div class=\"info\">\r\n<img src=\"\/wp-content\/themes\/comicpress\/images\/characters\/namesaki.png\" alt=\"namesaki\" width=\"416\" height=\"38\" \/>\r\n\r\n<p class=\"desc\">Saki fut entrain\u00e9e en tant qu'assassin d\u00e8s un tout jeune \u00e2ge, et elle travaille pr\u00e9sentement comme mercenaire. Comme son quotidien ressemble \u00e0 ce qu'on verrait dans des films, elle a un peu de difficult\u00e9 \u00e0 se m\u00ealer aux gens ordinaires et pr\u00e8f\u00e8re la solitude.<\/p>\r\n\r\n<p class=\"note\">Saki a tout d'abord \u00e9t\u00e9 cr\u00e9e en tant qu'\u00e9coli\u00e8re combattante, inspir\u00e9e par tous les animes et les jeux vid\u00e9os que j'aimais vers la fin des ann\u00e9es 90. Mon premier personnage de l'\u00e8re num\u00e9rique, elle a \u00e9volu\u00e9 en quelque chose de beaucoup plus <i>badass<\/i> sans vraiment que je m'en rende compte jusqu'\u00e0 ce qu'elle n'ait plus aucun lien avec sa version originale.<\/p>\r\n\r\n<a title=\"Afficher toutes les BD o\u00f9 on voit Saki.\" href=\"http:\/\/frivolesque.com\/fr\/character\/saki\">Afficher toutes les BD o\u00f9 on voit Saki.<\/a>\r\n<\/div>\r\n\r\n<div class=\"photo\"><img alt=\"facesaki\" src=\"\/wp-content\/themes\/comicpress\/images\/characters\/facesaki.png\" width=\"200\" height=\"250\" \/><\/div>\r\n\r\n<\/div>\r\n\r\n\r\n<div class=\"bio\">\r\n<div class=\"info\">\r\n<img src=\"\/wp-content\/themes\/comicpress\/images\/characters\/nameclementine.png\" alt=\"nameclementine\" width=\"416\" height=\"50\"\/>\r\n\r\n<p class=\"desc\">Timide, introvertie et consid\u00e9r\u00e9e tr\u00e8s grande pour une fille, Cl\u00e9mentine est une camarade de classe de Marie-Neige. On ne la voit jamais sans une paire d'\u00e9couteurs sur les oreilles, et elle semble s'int\u00e9resser beaucoup \u00e0 son amie.<\/p>\r\n\r\n<p class=\"note\">Au d\u00e9but, je l'appelais tout simplement \"La fille avec des \u00e9couteurs\" et c'\u00e9tait la mascotte de mon ancient site web. Elle avait le melon d'eau comme th\u00e8me. Avec un petit ajout d'agrumes, elle \u00e9tait une candidate parfaite pour Frivolesque.<\/p>\r\n\r\n<a title=\"Afficher toutes les BD o\u00f9 on voit Clementine.\" href=\"http:\/\/frivolesque.com\/fr\/character\/clementine\">Afficher toutes les BD o\u00f9 on voit Clementine.<\/a>\r\n<\/div>\r\n\r\n<div class=\"photo\"><img alt=\"faceclementine\" src=\"\/wp-content\/themes\/comicpress\/images\/characters\/faceclementine.png\" width=\"200\" height=\"250\" \/><\/div>\r\n\r\n<\/div>\r\n\r\n<h2>Personnages secondaires<\/h2>\r\n<br\/>\r\n\r\n\r\n<div class=\"bio\">\r\n<div class=\"info\">\r\n<img src=\"\/wp-content\/themes\/comicpress\/images\/characters\/namelaurence.png\" alt=\"namelaurence\" width=\"416\" height=\"50\"\/>\r\n\r\n<p class=\"desc\">Une personne \u00e9trange qui vit dans un univers surr\u00e9el rempli de d\u00e9cors abstraits et d'animaux qui parlent. R\u00e9cemment vue \u00e9galement dans le vrai monde de Frivolesque. Est-ce une jumelle identique de Flore?\r\n<\/p>\r\n\r\n<p class=\"note\">Laurence \u00e9tait initialement un character design rejet\u00e9 pour Frivolesque que j'ai d\u00e9cid\u00e9 de ressuciter plus tard pour lui donner un autre r\u00f4le. Et je pense que j'ai bien fait.<\/p>\r\n\r\n<a title=\"Afficher toutes les BD o\u00f9 on voit Laurence.\" href=\"http:\/\/frivolesque.com\/fr\/character\/laurence\">Afficher toutes les BD o\u00f9 on voit Laurence.<\/a>\r\n<\/div>\r\n\r\n<div class=\"photo\"><img alt=\"facelaurence\" src=\"\/wp-content\/themes\/comicpress\/images\/characters\/facelaurence.png\" width=\"200\" height=\"250\" \/><\/div>\r\n\r\n<\/div>\r\n\r\n<div class=\"bio\">\r\n<div class=\"info\">\r\n<img src=\"\/wp-content\/themes\/comicpress\/images\/characters\/nameliliane.png\" alt=\"namesaki\" width=\"416\" height=\"38\" \/>\r\n\r\n<p class=\"desc\">La soeur affectueuse de Flore et la patronne de Saki \u00e9galement. Elle travaille pour un minist\u00e8re secret du Gouvernement du Qu\u00e9bec. Elle est tr\u00e8s confiante et professionnelle, mais elle montre un cot\u00e9 beaucoup plus relax autour de sa soeur et de ses amies.<\/p>\r\n\r\n<p class=\"note\">Contrairement aux personnages principaux, Liliane est une nouvelle cr\u00e9ation pour Frivolesque, mais elle est un m\u00e9lange de plusieurs designs de femmes d'affaires avec des lunettes fum\u00e9es que j'avais faits avant.<\/p>\r\n\r\n<a title=\"Afficher toutes les BD o\u00f9 on voit Liliane.\" href=\"http:\/\/frivolesque.com\/fr\/character\/liliane\">Afficher toutes les BD o\u00f9 on voit Liliane.<\/a>\r\n<\/div>\r\n\r\n<div class=\"photo\"><img alt=\"faceliliane\" src=\"\/wp-content\/themes\/comicpress\/images\/characters\/faceliliane.png\" width=\"200\" height=\"250\" \/><\/div>\r\n\r\n<\/div>\r\n\r\n<div class=\"bio\">\r\n<div class=\"info\">\r\n<img src=\"\/wp-content\/themes\/comicpress\/images\/characters\/nameconroy.png\" alt=\"nameconroy\" width=\"416\" height=\"50\"\/>\r\n\r\n<p class=\"desc\">Le partenaire de Saki, John Conroy est un ancien militaire devenu mercenaire qui travaille habituellement pour le gouvernement. Il aimerait avoir une vie tranquille, mais s'ennuie du danger quand il essaie de se retirer.<\/p>\r\n\r\n<p class=\"note\">J'ai invent\u00e9 Conroy en 2004 quand j'essayais de donner plus de contenu \u00e0 l'histoire de Saki. \u00c7a m'a pris du temps avant de lui trouver un nom. Il n'est pas vraiment \u00e0 sa place dans Frivolesque et je trouve \u00e7a dr\u00f4le.<\/p>\r\n\r\n<a title=\"Afficher toutes les BD o\u00f9 on voit Conroy.\" href=\"http:\/\/frivolesque.com\/fr\/character\/conroy\">Afficher toutes les BD o\u00f9 on voit Conroy.<\/a>\r\n<\/div>\r\n<div class=\"photo\"><img alt=\"faceconroy\" src=\"\/wp-content\/themes\/comicpress\/images\/characters\/faceconroy.png\" width=\"200\" height=\"250\" \/><\/div>\r\n<\/div>\r\n\r\n\r\n<div class=\"bio\">\r\n<div class=\"info\">\r\n<img src=\"\/wp-content\/themes\/comicpress\/images\/characters\/namemimi.png\" alt=\"namemimi\" width=\"416\" height=\"50\"\/>\r\n\r\n<p class=\"desc\">Une gentille petite fille comme on n'en fait plus. Elle est obs\u00e9d\u00e9e par Chlo\u00e9, la voyant comme un genre de mod\u00e8le \u00e0 suivre avec qui elle voudrait \u00eatre amie. Elle aime jouer dehors avec ses amis et avoir des aventures partout.<\/p>\r\n\r\n<p class=\"note\">Chaque fois que j'essaie de faire quelque chose avec Chlo\u00e9, je finis toujours par rajouter une jeune fille en rose qui s'int\u00e9resse \u00e0 elle dans l'histoire. J'ai donc pris tout ces personnages l\u00e0 pour en faire une seule petite fille pleine d'admiration.<\/p>\r\n\r\n<a title=\"Afficher toutes les BD o\u00f9 on voit Mimi.\" href=\"http:\/\/frivolesque.com\/fr\/character\/mimi\">Afficher toutes les BD o\u00f9 on voit Mimi.<\/a>\r\n<\/div>\r\n\r\n<div class=\"photo\"><img alt=\"facemimi\" src=\"\/wp-content\/themes\/comicpress\/images\/characters\/facemimi.png\" width=\"200\" height=\"250\" \/><\/div>\r\n\r\n<\/div>\r\n\r\n\r\n\r\n<div class=\"bio\">\r\n<div class=\"info\">\r\n<img src=\"\/wp-content\/themes\/comicpress\/images\/characters\/nameben.png\" alt=\"nameben\" width=\"416\" height=\"50\"\/>\r\n\r\n<p class=\"desc\">Un jeune homme morose et n\u00e9gatif qui connait la famille de Chlo\u00e9 depuis longtemps et qui est l'assistant-g\u00e9rant de la petite boutique de jeux vid\u00e9o o\u00f9 elle travaille. Il est secr\u00e8tement en amour avec elle depuis des ann\u00e9es.<\/p>\r\n\r\n<p class=\"note\">\u00c7a manquait de gars dans Frivolesque, alors j'ai invent\u00e9 un pauvre type auquel je pourrais m'identifier. Ben est un des rares personnages qui a \u00e9t\u00e9 invent\u00e9 de toutes pi\u00e8ces pour la BD, m\u00eame si il ressemble un peu a Cody dans Final Fight. Malheureusement, il ne peut pas vraiment se battre.<\/p>\r\n\r\n<a title=\"Afficher toutes les BD o\u00f9 on voit Ben.\" href=\"http:\/\/frivolesque.com\/fr\/character\/ben\">Afficher toutes les BD o\u00f9 on voit Ben.<\/a>\r\n<\/div>\r\n\r\n<div class=\"photo\"><img alt=\"faceben\" src=\"\/wp-content\/themes\/comicpress\/images\/characters\/faceben.png\" width=\"200\" height=\"250\" \/><\/div>\r\n\r\n<\/div>\r\n\r\n\r\n<div class=\"bio\">\r\n<div class=\"info\">\r\n<img src=\"\/wp-content\/themes\/comicpress\/images\/characters\/namefrederic.png\" alt=\"namefrederic\" width=\"416\" height=\"50\"\/>\r\n\r\n<p class=\"desc\">Le grand fr\u00e8re de Chlo\u00e9 ainsi que le meilleur ami \u00e0 Ben depuis leur jeune adolescence. Fr\u00e9d\u00e9ric est un gars relax et artistique qui se fait des amis tr\u00e8s facilement. Lui et Chlo\u00e9 sont tr\u00e8s proches.<\/p>\r\n\r\n<p class=\"note\">Dans ma t\u00eate, Chlo\u00e9 a toujours eu un grand fr\u00e8re, mais \u00e7a m'a pris du temps avant de lui trouver un design stable. J'esp\u00e8re que cette version l\u00e0 va rester. C'est mon p\u00e8re qui a choisi son nom!<\/p>\r\n\r\n<a title=\"Afficher toutes les BD o\u00f9 on voit Frederic.\" href=\"http:\/\/frivolesque.com\/fr\/character\/frederic\">Afficher toutes les BD o\u00f9 on voit Frederic.<\/a>\r\n<\/div>\r\n\r\n<div class=\"photo\"><img alt=\"facefrederic\" src=\"\/wp-content\/themes\/comicpress\/images\/characters\/facefrederic.png\" width=\"200\" height=\"250\" \/><\/div>\r\n\r\n<\/div>\r\n\r\n\r\n<div class=\"bio\">\r\n<div class=\"info\">\r\n<img src=\"\/wp-content\/themes\/comicpress\/images\/characters\/namedelphine.png\" alt=\"namedelphine\" width=\"416\" height=\"50\"\/>\r\n\r\n<p class=\"desc\">La coloc de Marie-Neige, toujours enferm\u00e9e dans sa chambre, qui est une grande fan de couples homosexuels. Les deux filles se connaissent depuis longtemps et \u00e9taient apparemment amies avant que leur colocation d\u00e9truise tout. Elles ne s'aiment plus maintenant, mais restent tout de m\u00eame ensemble par l\u00e2chet\u00e9.<\/p>\r\n\r\n<p class=\"note\">\u00c7a faisait longtemps que je voulais donner une coloc \u00e0 Marie, mais je n'avais pas envie de faire un design \u00e0 la sauvette. Quand j'ai r\u00e9alis\u00e9 qu'il manquait une fan de yaoi parmi tous les geeks de Frivolesque, son personnage est n\u00e9 instantan\u00e9ment.<\/p>\r\n\r\n<a title=\"Afficher toutes les BD o\u00f9 on voit Delphine.\" href=\"http:\/\/frivolesque.com\/fr\/character\/delphine\">Afficher toutes les BD o\u00f9 on voit Delphine.<\/a>\r\n<\/div>\r\n\r\n<div class=\"photo\"><img alt=\"facedelphine\" src=\"\/wp-content\/themes\/comicpress\/images\/characters\/facedelphine.png\" width=\"200\" height=\"250\" \/><\/div>\r\n\r\n<\/div>\r\n\r\n\r\n<div class=\"bio\">\r\n<div class=\"info\">\r\n<img src=\"\/wp-content\/themes\/comicpress\/images\/characters\/nameeleonore.png\" alt=\"nameeleonore\" width=\"416\" height=\"50\"\/>\r\n\r\n<p class=\"desc\">Une adolescente blas\u00e9e qui habite dans le m\u00eame quartier que Gaia et qui trouve cette derni\u00e8re fascinante. Tr\u00e8s active sur Youtube, \u00e7a serait elle qui aurait mis en ligne la vid\u00e9o o\u00f9 on voit Gaia tabasser un boxeur d'un seul coup.<\/p>\r\n\r\n<p class=\"note\">J'avais une petite fille de service dans Frivolesque, mais il me manquait une ado. J'ai travaill\u00e9 longtemps pour lui trouver un design original et diff\u00e9rent des autres.<\/p>\r\n\r\n<a title=\"Afficher toutes les BD o\u00f9 on voit \u00c9l\u00e9onore.\" href=\"http:\/\/frivolesque.com\/fr\/character\/eleonore\">Afficher toutes les BD o\u00f9 on voit \u00c9l\u00e9onore.<\/a>\r\n<\/div>\r\n\r\n<div class=\"photo\"><img alt=\"faceeleonore\" src=\"\/wp-content\/themes\/comicpress\/images\/characters\/faceeleonore.png\" width=\"200\" height=\"250\" \/><\/div>\r\n\r\n<\/div>\r\n\r\n\r\n\r\n\r\n<br\/>\r\n<h2>Autres personnages<\/h2>\r\n<br\/>\r\n\r\n<div class=\"bio\">\r\n<div class=\"info\">\r\n<img src=\"\/wp-content\/themes\/comicpress\/images\/characters\/namelaurent.png\" alt=\"namelaurent\" width=\"416\" height=\"50\"\/>\r\n\r\n<p class=\"desc\">Le p\u00e8re de Flore et de Liliane. Il est aussi silencieux et difficile \u00e0 cerner que sa fille ain\u00e9e et partage \u00e9talement l'imagination et la jeunesse de cette derni\u00e8re. Un artiste un peu boh\u00e9mien, Laurent aime voyager \u00e0 travers le monde. Il a rencontr\u00e9 sa future femme, Roxane, lors d'un passage \u00e0 Paris. Les deux sont maintenant mari\u00e9es depuis pr\u00e8s de trente ans.<\/p>\r\n\r\n<p class=\"note\">J'ai cr\u00e9\u00e9 le p\u00e8re de Flore durant la premi\u00e8re ann\u00e9e de Frivolesque, en me disant qu'il devait ressembler a une version plus \u00e2g\u00e9e et masculine de cette derni\u00e8re. Il ressemble un peu \u00e0 un jeune gar\u00e7on m\u00eame si il est dans la cinquantaine avanc\u00e9e..<\/p>\r\n\r\n<a title=\"Afficher toutes les BD o\u00f9 on voit Laurent.\" href=\"http:\/\/frivolesque.com\/fr\/character\/laurent\">Afficher toutes les BD o\u00f9 on voit Laurent.<\/a>\r\n<\/div>\r\n\r\n<div class=\"photo\"><img alt=\"facelaurent\" src=\"\/wp-content\/themes\/comicpress\/images\/characters\/facelaurent.png\" width=\"200\" height=\"250\" \/><\/div>\r\n\r\n<\/div>\r\n\r\n\r\n<div class=\"bio\">\r\n<div class=\"info\">\r\n<img src=\"\/wp-content\/themes\/comicpress\/images\/characters\/nameagnes.png\" alt=\"nameagnes\" width=\"416\" height=\"50\"\/>\r\n\r\n<p class=\"desc\">La maman de Mimi ainsi que la grande soeur de Ben. Une femme excentrique qui aime s'habiller comme si elle sortait des ann\u00e9es 50. Elle adore sa fille.<\/p>\r\n\r\n<p class=\"note\">Je me suis demand\u00e9 longtemps si Agn\u00e8s resterait un personnage qu'on ne voit jamais, o\u00f9 si elle aurait un design. Visiblement, j'ai choisi la 2e option.<\/p>\r\n\r\n<a title=\"Afficher toutes les BD o\u00f9 on voit Agnes.\" href=\"http:\/\/frivolesque.com\/fr\/character\/agnes\">Afficher toutes les BD o\u00f9 on voit Agnes.<\/a>\r\n<\/div>\r\n\r\n<div class=\"photo\"><img alt=\"faceagnes\" src=\"\/wp-content\/themes\/comicpress\/images\/characters\/faceagnes.png\" width=\"200\" height=\"250\" \/><\/div>\r\n\r\n<\/div>\r\n\r\n\r\n<div class=\"bio\">\r\n<div class=\"info\">\r\n<img src=\"\/wp-content\/themes\/comicpress\/images\/characters\/namefelix.png\" alt=\"namefelix\" width=\"416\" height=\"50\"\/>\r\n\r\n<p class=\"desc\">\r\nLe petit fr\u00e8re d'\u00c9l\u00e9onore ainsi que le meilleur ami de Mimi, qui est dans la m\u00eame classe qu'elle. C'est un id\u00e9aliste qui a un grand sens de la justice.<\/p>\r\n\r\n<p class=\"note\">\u00c0 l'\u00e9poque o\u00f9 je consid\u00e9rais rajouter Mimi dans les personnages r\u00e9guliers, j'ai r\u00e9fl\u00e9chi longtemps sur quel genre d'amis je pourrais lui donner. Au d\u00e9but, j'avais pens\u00e9 \u00e0 deux jumelles blanches, mais finalement, l'id\u00e9e de voir Mimi se tenir avec des gar\u00e7on semblait plus int\u00e9ressante. F\u00e9lix a \u00e9t\u00e9 le premier design qui m'est venu en t\u00eate suite \u00e0 cette r\u00e9v\u00e9lation.<\/p>\r\n\r\n<a title=\"Afficher toutes les BD o\u00f9 on voit Felix.\" href=\"http:\/\/frivolesque.com\/?characters=felix\">Afficher toutes les BD o\u00f9 on voit Felix.<\/a>\r\n<\/div>\r\n\r\n<div class=\"photo\"><img alt=\"facefelix\" src=\"\/wp-content\/themes\/comicpress\/images\/characters\/facefelix.png\" width=\"200\" height=\"250\" \/><\/div>\r\n\r\n<\/div>\r\n\r\n\r\n<div class=\"bio\">\r\n<div class=\"info\">\r\n<img src=\"\/wp-content\/themes\/comicpress\/images\/characters\/namephoebe.png\" alt=\"namephoebe\" width=\"416\" height=\"50\"\/>\r\n\r\n<p class=\"desc\">Un personnage myst\u00e9rieux qui s'oppose \u00e0 l'organisation dont Liliane fait partie. Elle a facilement battu Conroy et Saki. Tout d'abord confondue avec Gaia, les gens pensent maintenant qu'il s'agit de quelqu'un d'autre. On l'a aper\u00e7ue en compagnie d'autres gens qui ont \u00e9galement les cheveux verts...\r\n<\/p>\r\n\r\n<p class=\"note\">Phoebe est un autre vieux personnage \u00e0 moi qui est n\u00e9 quand j'ai voulu \u00e9toffer l'histoire de Gaia en 2006. Je ne pensais pas qu'une cyborg tueuse comme elle aurait sa place dans Frivolesque, mais je pense qu'il y a d\u00e9j\u00e0 pas mal de trucs bizarres dans la BD, alors un de plus...<\/p>\r\n\r\n<a title=\"Afficher toutes les BD o\u00f9 on voit Phoebe.\" href=\"http:\/\/frivolesque.com\/fr\/character\/phoebe\">Afficher toutes les BD o\u00f9 on voit Phoebe.<\/a>\r\n<\/div>\r\n\r\n<div class=\"photo\"><img alt=\"facephoebe\" src=\"\/wp-content\/themes\/comicpress\/images\/characters\/facephoebe.png\" width=\"200\" height=\"250\" \/><\/div>\r\n\r\n<\/div>\r\n\r\n\r\n<div class=\"bio\">\r\n<div class=\"info\">\r\n<img src=\"\/wp-content\/themes\/comicpress\/images\/characters\/namenick.png\" alt=\"namenick\" width=\"416\" height=\"50\"\/>\r\n\r\n<p class=\"desc\">Le vieil entraineur de boxe de Gaia, et un genre de p\u00e8re adoptif pour elle. Un vieux monsieur grincheux qui sait montrer un cot\u00e9 sympathique une fois de temps en temps.<\/p>\r\n\r\n<p class=\"note\">\u00c0 moiti\u00e9 Burgess Meredith dans Rocky, \u00e0 moiti\u00e9 Clint Eastwood dans Million Dollar Baby... J'ai toujours aim\u00e9 ces vieux entraineurs l\u00e0. Je ne sais pas pourquoi.<\/p>\r\n\r\n<a title=\"Afficher toutes les BD o\u00f9 on voit Nick.\" href=\"http:\/\/frivolesque.com\/fr\/character\/nick\">Afficher toutes les BD o\u00f9 on voit Nick.<\/a>\r\n<\/div>\r\n\r\n<div class=\"photo\"><img alt=\"facenick\" src=\"\/wp-content\/themes\/comicpress\/images\/characters\/facenick.png\" width=\"200\" height=\"250\" \/><\/div>\r\n\r\n<\/div>\r\n\r\n\r\n<div class=\"bio\">\r\n<div class=\"info\">\r\n<img src=\"\/wp-content\/themes\/comicpress\/images\/characters\/namevendeuse.png\" alt=\"namevendeuse\" width=\"416\" height=\"50\"\/>\r\n\r\n<p class=\"desc\">Une fille occup\u00e9e qui semble avoie plusieurs emplois en m\u00eame temps. Les filles de Frivolesque la rencontrent partout.<\/p>\r\n\r\n<p class=\"note\">Elle n'est pas vraiment un personnage, mais elle a marqu\u00e9 les lecteurs quand m\u00eame, alors la voici.<\/p>\r\n\r\n<a title=\"Afficher toutes les BD o\u00f9 on voit la vendeuse.\" href=\"http:\/\/frivolesque.com\/fr\/character\/la-vendeuse\">Afficher toutes les BD o\u00f9 on voit la vendeuse.<\/a>\r\n<\/div>\r\n\r\n<div class=\"photo\"><img alt=\"facejulie\" src=\"\/wp-content\/themes\/comicpress\/images\/characters\/facejulie.png\" width=\"200\" height=\"250\" \/><\/div>\r\n\r\n<\/div>\r\n\r\n\r\n<div class=\"bio\">\r\n<div class=\"info\">\r\n<img src=\"\/wp-content\/themes\/comicpress\/images\/characters\/namesuzie.png\" alt=\"namesuzie\" width=\"416\" height=\"50\"\/>\r\n\r\n<p class=\"desc\">Suzie est une actrice en devenir qui travaille de jour chez Bureau en Gros et qui a une cot\u00e9 grognon. Marianne est sa meilleure amie. Elle aimerait bien que sa vie soit plus excitante.\r\n<\/p>\r\n\r\n<p class=\"note\">Une de mes deux figurantes, et un personnage vraiment spontan\u00e9 que j'ai dessin\u00e9 quand un de mes amis m'a demand\u00e9 de mettre une fille avec les cheveux rouges dans ma BD. \u00c7a lui arrive m\u00eame d'avoir des r\u00e9pliques des fois!<\/p>\r\n\r\n<a title=\"Afficher toutes les BD o\u00f9 on voit Suzie.\" href=\"http:\/\/frivolesque.com\/fr\/character\/suzie\">Afficher toutes les BD o\u00f9 on voit Suzie.<\/a>\r\n<\/div>\r\n\r\n<div class=\"photo\"><img alt=\"facesuzie\" src=\"\/wp-content\/themes\/comicpress\/images\/characters\/facesuzie.png\" width=\"200\" height=\"250\" \/><\/div>\r\n\r\n<\/div>\r\n\r\n\r\n\r\n<div class=\"bio\">\r\n<div class=\"info\">\r\n<img src=\"\/wp-content\/themes\/comicpress\/images\/characters\/namemarianne.png\" alt=\"namemarianne\" width=\"416\" height=\"50\"\/>\r\n\r\n<p class=\"desc\">La meilleure amie de Suzie, et une jeune actrice elle aussi, mais elle est beaucoup plus zen avec la vie. Elle sait garder les pieds sur terre, et sait comment ramener Suzie \u00e0 l'ordre lorsque cette derni\u00e8re se mets \u00e0 se lamenter sur son sort.<\/p>\r\n\r\n<p class=\"note\">La deuxi\u00e8me figurante. Son design est un peu moins spontan\u00e9 vu qu'elle visuellement inspir\u00e9e d'une fille pas mal cool que je connais.<\/p>\r\n\r\n<a title=\"Afficher toutes les BD o\u00f9 on voit Marianne.\" href=\"http:\/\/frivolesque.com\/fr\/character\/marianne\">Afficher toutes les BD o\u00f9 on voit Marianne.<\/a>\r\n<\/div>\r\n\r\n<div class=\"photo\"><img alt=\"facemarianne\" src=\"\/wp-content\/themes\/comicpress\/images\/characters\/facemarianne.png\" width=\"200\" height=\"250\" \/><\/div>\r\n\r\n<\/div>\r\n\r\n\n","protected":false},"excerpt":{"rendered":"","protected":false},"author":2,"featured_media":0,"parent":0,"menu_order":0,"comment_status":"closed","ping_status":"closed","template":"","meta":{"jetpack_post_was_ever_published":false,"footnotes":""},"class_list":["post-16","page","type-page","status-publish","hentry","uentry","postonpage-1","odd","post-author-omegadez"],"jetpack_sharing_enabled":true,"jetpack_shortlink":"https:\/\/wp.me\/P7sxr7-g","_links":{"self":[{"href":"https:\/\/frivolesque.com\/fr\/wp-json\/wp\/v2\/pages\/16","targetHints":{"allow":["GET"]}}],"collection":[{"href":"https:\/\/frivolesque.com\/fr\/wp-json\/wp\/v2\/pages"}],"about":[{"href":"https:\/\/frivolesque.com\/fr\/wp-json\/wp\/v2\/types\/page"}],"author":[{"embeddable":true,"href":"https:\/\/frivolesque.com\/fr\/wp-json\/wp\/v2\/users\/2"}],"replies":[{"embeddable":true,"href":"https:\/\/frivolesque.com\/fr\/wp-json\/wp\/v2\/comments?post=16"}],"version-history":[{"count":17,"href":"https:\/\/frivolesque.com\/fr\/wp-json\/wp\/v2\/pages\/16\/revisions"}],"predecessor-version":[{"id":1046,"href":"https:\/\/frivolesque.com\/fr\/wp-json\/wp\/v2\/pages\/16\/revisions\/1046"}],"wp:attachment":[{"href":"https:\/\/frivolesque.com\/fr\/wp-json\/wp\/v2\/media?parent=16"}],"curies":[{"name":"wp","href":"https:\/\/api.w.org\/{rel}","templated":true}]}}