{"id":11,"date":"2016-04-19T13:57:01","date_gmt":"2016-04-19T17:57:01","guid":{"rendered":"http:\/\/frivolesque.com\/fr\/?page_id=11"},"modified":"2016-05-31T16:24:57","modified_gmt":"2016-05-31T20:24:57","slug":"a-propos","status":"publish","type":"page","link":"https:\/\/frivolesque.com\/fr\/a-propos\/","title":{"rendered":"\u00c0 propos"},"content":{"rendered":"<p><img loading=\"lazy\" decoding=\"async\" src=\"https:\/\/frivolesque.com\/fr\/wp-content\/uploads\/2016\/05\/chibis.png\" alt=\"chibis\" width=\"500\" height=\"229\" class=\"aligncenter size-full wp-image-548\" srcset=\"https:\/\/frivolesque.com\/fr\/wp-content\/uploads\/2016\/05\/chibis.png 500w, https:\/\/frivolesque.com\/fr\/wp-content\/uploads\/2016\/05\/chibis-300x137.png 300w\" sizes=\"auto, (max-width: 500px) 100vw, 500px\" \/><\/p>\n<p style=\"margin-bottom:22px;\">\nFrivolesque, c&rsquo;est l&rsquo;histoire d&rsquo;un groupe de filles qui deviennent amies par accident. On y parle \u00e9galement d&rsquo;agents secrets et de personnages secondaires qui sont peut \u00eatre le produit de l&rsquo;imagination de quelqu&rsquo;un. C&rsquo;est vraiment n&rsquo;importe quoi.<br \/>\n<br \/>\nJ&rsquo;ai voulu faire cette BD dans le style des 4-Koma japonais, qui ont \u00e9t\u00e9 mon inspiration depuis tr\u00e8s tr\u00e8s tr\u00e8s longtemps. Les cinq filles qu&rsquo;on y retrouve ont toutes \u00e9t\u00e9 cr\u00e9es \u00e0 diff\u00e9rents moments dans ma vie et n&rsquo;avaient jamais \u00e9t\u00e9 sens\u00e9es interagir ensemble.<br \/>\n<br \/>\nJusqu&rsquo;\u00e0 maintant.<br \/>\n<br \/>\nCette BD se d\u00e9roule \u00e0 Qu\u00e9bec, la plupart des arri\u00e8re plans \u00e9tant inspir\u00e9s de vrais endroits au centre-ville. En plus, les noms de famille de tous les personnages sont inspir\u00e9s de noms de rues que j&rsquo;aime \u00e0 travers la vielle capitale. Vive Qu\u00e9bec!\n<\/p>\n<h2 style=\"margin-bottom:22px;\">\u00c0 propos de l&rsquo;auteur<\/h2>\n<p style=\"margin-bottom:22px;\">Je m&rsquo;appelle Etienne \u00ab\u00a0Dez\u00a0\u00bb Desilets-Trempe et je suis un gars bien normal qui habite dans la belle ville de Qu\u00e9bec. Je dessine depuis toujours, mais je ne m&rsquo;\u00e9tais jamais pris au s\u00e9rieux avant. J&rsquo;ai d\u00e9cid\u00e9 d&rsquo;arr\u00eater ma procrastination en 2012.<br \/>\n<br \/>\nCette BD est le r\u00e9sultat de ce changement de mentalit\u00e9.<br \/>\n<br \/>\nJ&rsquo;aime les bandes dessin\u00e9es, les jeux vid\u00e9o r\u00e9tro, les filles geek, les p\u00e2tes et les lampes de poche. Je touche un peu \u00e0 tout ce qui est consid\u00e9r\u00e9 geek par la masse. J&rsquo;suis pas mal bilingue, et j&rsquo;\u00e9cris Frivolesque dans les deux langues.\n<\/p>\n<p><!--\n\n\n<h2 style=\"margin-bottom:22px;\" >Remerciments<\/h2>\n\n\n\n\n\n<p style=\"margin-bottom:22px;\">\n<strong><a href=\"http:\/\/teamblasecosplay.com\">Gen<\/a><\/strong> : Pour m'avoir aid\u00e9 \u00e0 faire ce site, et pour me mettre sur le droit chemin.\n<strong>Frank<\/strong> : Pour toutes les id\u00e9es et le soutien. Et parce que sans un fr\u00e8re comme lui, la vie serait difficile en maudit.\n<strong>Gen LeBlanc, David Gauthier, et tous mes autres amis artistes<\/strong> : Pour \u00eatre de merveilleuses sources de motivation.\n<strong>Doin<\/strong> : Pour avoir toujours cru en moi.\n<strong>Gabi<\/strong> : Pour s'\u00eatre jointe \u00e0 moi dans cette aventure. <3\n<br \/>\nEt <strong><a href=\"http:\/\/boumeries.com\">Boum<\/a><\/strong> : Pour m'avoir fait r\u00e9aliser que je pouvais faire \u00e7a.\n<\/p>\n\n\n--><\/p>\n","protected":false},"excerpt":{"rendered":"<p>Frivolesque, c&rsquo;est l&rsquo;histoire d&rsquo;un groupe de filles qui deviennent amies par accident. On y parle \u00e9galement d&rsquo;agents secrets et de personnages secondaires qui sont peut \u00eatre le produit de l&rsquo;imagination de quelqu&rsquo;un. C&rsquo;est vraiment n&rsquo;importe quoi. J&rsquo;ai voulu faire cette[&hellip;]<a class=\"more-link\" href=\"https:\/\/frivolesque.com\/fr\/a-propos\/\">&darr; Read the rest of this entry&#8230;<\/a><\/p>\n","protected":false},"author":2,"featured_media":0,"parent":0,"menu_order":0,"comment_status":"closed","ping_status":"closed","template":"","meta":{"jetpack_post_was_ever_published":false,"footnotes":""},"class_list":["post-11","page","type-page","status-publish","hentry","uentry","postonpage-1","odd","post-author-omegadez"],"jetpack_sharing_enabled":true,"jetpack_shortlink":"https:\/\/wp.me\/P7sxr7-b","_links":{"self":[{"href":"https:\/\/frivolesque.com\/fr\/wp-json\/wp\/v2\/pages\/11","targetHints":{"allow":["GET"]}}],"collection":[{"href":"https:\/\/frivolesque.com\/fr\/wp-json\/wp\/v2\/pages"}],"about":[{"href":"https:\/\/frivolesque.com\/fr\/wp-json\/wp\/v2\/types\/page"}],"author":[{"embeddable":true,"href":"https:\/\/frivolesque.com\/fr\/wp-json\/wp\/v2\/users\/2"}],"replies":[{"embeddable":true,"href":"https:\/\/frivolesque.com\/fr\/wp-json\/wp\/v2\/comments?post=11"}],"version-history":[{"count":4,"href":"https:\/\/frivolesque.com\/fr\/wp-json\/wp\/v2\/pages\/11\/revisions"}],"predecessor-version":[{"id":551,"href":"https:\/\/frivolesque.com\/fr\/wp-json\/wp\/v2\/pages\/11\/revisions\/551"}],"wp:attachment":[{"href":"https:\/\/frivolesque.com\/fr\/wp-json\/wp\/v2\/media?parent=11"}],"curies":[{"name":"wp","href":"https:\/\/api.w.org\/{rel}","templated":true}]}}